{"id":7786,"date":"2022-02-07T15:34:29","date_gmt":"2022-02-07T18:34:29","guid":{"rendered":"https:\/\/dispensadorchile.cl\/?post_type=product&#038;p=7786"},"modified":"2026-01-13T12:04:56","modified_gmt":"2026-01-13T15:04:56","slug":"k9-pro-plus-dispensador-de-alcohol-y-toma-de-temperatura","status":"publish","type":"product","link":"https:\/\/dispensadorchile.cl\/?product=k9-pro-plus-dispensador-de-alcohol-y-toma-de-temperatura","title":{"rendered":"TERM\u00d3METRO DIGITAL K9 PRO PLUS CON DISPENSADOR"},"content":{"rendered":"<h3>Term\u00f3metro Digital K9 Pro Plus con Dispensador<\/h3>\n<p>&nbsp;<\/p>\n<p class=\"ui-pdp-description__content\">Material: 100% pl\u00e1stico del tipo\u00a0 ABS excelente Calidad<br \/>\nColor: BLANCO + bandeja de recepci\u00f3n\u00a0 negro<br \/>\nCapacidad :\u00a0 1200ml<br \/>\nTipo de botella: Recargable<br \/>\nTipo de Montaje: en pared\/piso\/<a href=\"https:\/\/dispensadorchile.cl\/tripode-1-80-mtrs-atril-aro-de-luz-camara-termometro-etc\/\">soporte de tr\u00edpode<\/a> (NO incluido)<br \/>\nFuente de alimentaci\u00f3n: con cable Tipo-C o 4 unidades\u00a0 AA bater\u00eda ( incluye conector 3Amp y cable tipo C , pilas no incluidas) tambien se puede conectar a una <a href=\"https:\/\/dispensadorchile.cl\/bateria-power-bank\/\">Bater\u00eda Power Bank \u00a0<\/a><br \/>\nModo de bomba de: <a href=\"https:\/\/dispensadorchile.cl\/alcohol-desnaturalizado-al-70-alcohol-para-manos-2\/\">Alcohol L\u00edquido<\/a><br \/>\nLa vida \u00fatil de la bomba: 30.000 veces aprox<br \/>\nPeso del producto: 1200 Gr aprox<br \/>\nDimensi\u00f3n de K9 pro plus: 121.7&#215;131.5x301mm<br \/>\nDimensi\u00f3n de Caja individual: 170*155*320mm<br \/>\nEl uso de: Hospital\/oficina\/hotel\/ restaurante \/ Centros de estudios<\/p>\n<p class=\"ui-pdp-description__content\">* Precisi\u00f3n: +- 0,2 grados<br \/>\n* Alarma autom\u00e1tica: Luz y sonido ( m\u00e1s r\u00e1pido que el K9 pro)<br \/>\n* Distancia de medici\u00f3n: 5 \u2013 10 cm<br \/>\n* Capacidad de contenedor 1200 ml.<br \/>\n* Pantalla: Digital<br \/>\n* Conexi\u00f3n directa a computador para guardar la informaci\u00f3n<br \/>\n* Luz LED del tipo Ultra Violeta especial para desinfecci\u00f3n<br \/>\n* M\u00e9todo de instalaci\u00f3n: <a href=\"https:\/\/dispensadorchile.cl\/totem-pedestal-metalico-para-dispensador-y-termometros\/\">totem metalico<\/a>, doble contacto, gancho de pared, tr\u00edpode.<br \/>\n* Rango de medici\u00f3n 0 \u2013 50\u00b0C.<br \/>\n* Temperatura uso recomendada: 10\u00b0C &#8211; 40\u00b0 C<br \/>\n* Tiempo demora de respuesta: 0,5 segundos<br \/>\n* Pantalla LED Num\u00e9rica.<br \/>\n* Term\u00f3metro Parlante Multi-lenguaje Configurado y listo parea usar en espa\u00f1ol<br \/>\n* Alimentaci\u00f3n: Corriente directa 5V ; incluye conector para ser usado 220V<br \/>\n* Interfaz USB Tipo puerto C<\/p>\n<p>***El term\u00f3metro K9 Pro Plus funciona con bater\u00edas doble AA ***<\/p>\n<p class=\"ui-pdp-description__content\">Este producto funciona con Alcohol LIQUIDO NO utiliza alcohol GEL<\/p>\n","protected":false},"excerpt":{"rendered":"<p><strong>K9 PRO PLUS DISPENSADOR DE ALCOHOL Y TOMA DE TEMPERATURA <\/strong><\/p>\n<p>Equipo de alta eficiencia ya que incluye todo en uno ( toma temperatura y dispensa alcohol en spray a la vez) al tener incorporado lenguaje en espa\u00f1ol ( volumen y sonido ajustable)\u00a0 entrega mayor seguridad en los acceso principales resguardando de alguna manera la salud evitando contagios\u00a0 y cumpliendo con las normas exigidas por el Ministerio de salud e ISP .<\/p>\n<p>Revisa un video <a href=\"https:\/\/youtu.be\/z3oBdWGIu5s\" rel=\"nofollow\">aqu\u00ed de youtube<\/a><\/p>\n","protected":false},"featured_media":7793,"comment_status":"open","ping_status":"closed","template":"","meta":{"site-sidebar-layout":"default","site-content-layout":"content-boxed-container","ast-site-content-layout":"default","site-content-style":"default","site-sidebar-style":"default","ast-global-header-display":"","ast-banner-title-visibility":"","ast-main-header-display":"","ast-hfb-above-header-display":"","ast-hfb-below-header-display":"","ast-hfb-mobile-header-display":"","site-post-title":"","ast-breadcrumbs-content":"","ast-featured-img":"","footer-sml-layout":"","ast-disable-related-posts":"","theme-transparent-header-meta":"default","adv-header-id-meta":"","stick-header-meta":"","header-above-stick-meta":"","header-main-stick-meta":"","header-below-stick-meta":"","astra-migrate-meta-layouts":"default","ast-page-background-enabled":"default","ast-page-background-meta":{"desktop":{"background-color":"","background-image":"","background-repeat":"repeat","background-position":"center center","background-size":"auto","background-attachment":"scroll","background-type":"","background-media":"","overlay-type":"","overlay-color":"","overlay-opacity":"","overlay-gradient":""},"tablet":{"background-color":"","background-image":"","background-repeat":"repeat","background-position":"center center","background-size":"auto","background-attachment":"scroll","background-type":"","background-media":"","overlay-type":"","overlay-color":"","overlay-opacity":"","overlay-gradient":""},"mobile":{"background-color":"","background-image":"","background-repeat":"repeat","background-position":"center center","background-size":"auto","background-attachment":"scroll","background-type":"","background-media":"","overlay-type":"","overlay-color":"","overlay-opacity":"","overlay-gradient":""}},"ast-content-background-meta":{"desktop":{"background-color":"var(--ast-global-color-5)","background-image":"","background-repeat":"repeat","background-position":"center center","background-size":"auto","background-attachment":"scroll","background-type":"","background-media":"","overlay-type":"","overlay-color":"","overlay-opacity":"","overlay-gradient":""},"tablet":{"background-color":"var(--ast-global-color-5)","background-image":"","background-repeat":"repeat","background-position":"center center","background-size":"auto","background-attachment":"scroll","background-type":"","background-media":"","overlay-type":"","overlay-color":"","overlay-opacity":"","overlay-gradient":""},"mobile":{"background-color":"var(--ast-global-color-5)","background-image":"","background-repeat":"repeat","background-position":"center center","background-size":"auto","background-attachment":"scroll","background-type":"","background-media":"","overlay-type":"","overlay-color":"","overlay-opacity":"","overlay-gradient":""}}},"product_brand":[],"product_cat":[143],"product_tag":[],"class_list":{"0":"post-7786","1":"product","2":"type-product","3":"status-publish","4":"has-post-thumbnail","6":"product_cat-termometros","7":"desktop-align-left","8":"tablet-align-left","9":"mobile-align-left","11":"first","12":"instock","13":"sale","14":"taxable","15":"shipping-taxable","16":"purchasable","17":"product-type-simple"},"_links":{"self":[{"href":"https:\/\/dispensadorchile.cl\/index.php?rest_route=\/wp\/v2\/product\/7786","targetHints":{"allow":["GET"]}}],"collection":[{"href":"https:\/\/dispensadorchile.cl\/index.php?rest_route=\/wp\/v2\/product"}],"about":[{"href":"https:\/\/dispensadorchile.cl\/index.php?rest_route=\/wp\/v2\/types\/product"}],"replies":[{"embeddable":true,"href":"https:\/\/dispensadorchile.cl\/index.php?rest_route=%2Fwp%2Fv2%2Fcomments&post=7786"}],"wp:featuredmedia":[{"embeddable":true,"href":"https:\/\/dispensadorchile.cl\/index.php?rest_route=\/wp\/v2\/media\/7793"}],"wp:attachment":[{"href":"https:\/\/dispensadorchile.cl\/index.php?rest_route=%2Fwp%2Fv2%2Fmedia&parent=7786"}],"wp:term":[{"taxonomy":"product_brand","embeddable":true,"href":"https:\/\/dispensadorchile.cl\/index.php?rest_route=%2Fwp%2Fv2%2Fproduct_brand&post=7786"},{"taxonomy":"product_cat","embeddable":true,"href":"https:\/\/dispensadorchile.cl\/index.php?rest_route=%2Fwp%2Fv2%2Fproduct_cat&post=7786"},{"taxonomy":"product_tag","embeddable":true,"href":"https:\/\/dispensadorchile.cl\/index.php?rest_route=%2Fwp%2Fv2%2Fproduct_tag&post=7786"}],"curies":[{"name":"wp","href":"https:\/\/api.w.org\/{rel}","templated":true}]}}