{"id":7561,"date":"2021-11-30T20:00:36","date_gmt":"2021-11-30T23:00:36","guid":{"rendered":"https:\/\/dispensadorchile.cl\/?post_type=product&#038;p=7561"},"modified":"2025-12-24T10:25:10","modified_gmt":"2025-12-24T13:25:10","slug":"amonio-cuaternario-al-10","status":"publish","type":"product","link":"https:\/\/dispensadorchile.cl\/?product=amonio-cuaternario-al-10","title":{"rendered":"AMONIO CUATERNARIO AL 10% 5LT"},"content":{"rendered":"<p>Amonio Cuaternario al 10%<\/p>\n","protected":false},"excerpt":{"rendered":"<p>QUAT 10, es un producto especialmente formulado para ser usado en industrias de alimentos y \u00e1reas donde la limpieza desinfecci\u00f3n y sanitizaci\u00f3n son est\u00e1ndares de alta exigencia.<\/p>\n<p>RESOLUCI\u00d3N ISP D-1269\/21 vigente hasta el a\u00f1o 2026<\/p>\n<p>Modo de Uso.<\/p>\n<p>-Quat 10, Como desinfectante de superficies diluir en proporci\u00f3n de 1:170 en agua potable.<\/p>\n<p>-Quat 10, como fungicida, Utilizar en proporci\u00f3n 1:64 en agua potable.<\/p>\n<p>-Quat 10, Como sanitizante de superficies en contacto con alimentos, limpiar y enjuagar previamente y luego aplicar dilucion 1:500 en agua potable.<\/p>\n<p>La USDA recomienda un contacto de 2 min entre sanitizante y superficie (vajilla, loza y cristaler\u00eda, mamaderas y recipientes de alimentos) finalmente enjuagar.<\/p>\n<p>&nbsp;<\/p>\n","protected":false},"featured_media":7562,"comment_status":"open","ping_status":"closed","template":"","meta":{"site-sidebar-layout":"default","site-content-layout":"default","ast-site-content-layout":"default","site-content-style":"default","site-sidebar-style":"default","ast-global-header-display":"","ast-banner-title-visibility":"","ast-main-header-display":"","ast-hfb-above-header-display":"","ast-hfb-below-header-display":"","ast-hfb-mobile-header-display":"","site-post-title":"","ast-breadcrumbs-content":"","ast-featured-img":"","footer-sml-layout":"","ast-disable-related-posts":"","theme-transparent-header-meta":"default","adv-header-id-meta":"","stick-header-meta":"","header-above-stick-meta":"","header-main-stick-meta":"","header-below-stick-meta":"","astra-migrate-meta-layouts":"default","ast-page-background-enabled":"default","ast-page-background-meta":{"desktop":{"background-color":"","background-image":"","background-repeat":"repeat","background-position":"center center","background-size":"auto","background-attachment":"scroll","background-type":"","background-media":"","overlay-type":"","overlay-color":"","overlay-opacity":"","overlay-gradient":""},"tablet":{"background-color":"","background-image":"","background-repeat":"repeat","background-position":"center center","background-size":"auto","background-attachment":"scroll","background-type":"","background-media":"","overlay-type":"","overlay-color":"","overlay-opacity":"","overlay-gradient":""},"mobile":{"background-color":"","background-image":"","background-repeat":"repeat","background-position":"center center","background-size":"auto","background-attachment":"scroll","background-type":"","background-media":"","overlay-type":"","overlay-color":"","overlay-opacity":"","overlay-gradient":""}},"ast-content-background-meta":{"desktop":{"background-color":"var(--ast-global-color-5)","background-image":"","background-repeat":"repeat","background-position":"center center","background-size":"auto","background-attachment":"scroll","background-type":"","background-media":"","overlay-type":"","overlay-color":"","overlay-opacity":"","overlay-gradient":""},"tablet":{"background-color":"var(--ast-global-color-5)","background-image":"","background-repeat":"repeat","background-position":"center center","background-size":"auto","background-attachment":"scroll","background-type":"","background-media":"","overlay-type":"","overlay-color":"","overlay-opacity":"","overlay-gradient":""},"mobile":{"background-color":"var(--ast-global-color-5)","background-image":"","background-repeat":"repeat","background-position":"center center","background-size":"auto","background-attachment":"scroll","background-type":"","background-media":"","overlay-type":"","overlay-color":"","overlay-opacity":"","overlay-gradient":""}}},"product_brand":[],"product_cat":[191],"product_tag":[],"class_list":{"0":"post-7561","1":"product","2":"type-product","3":"status-publish","4":"has-post-thumbnail","6":"product_cat-amonio-cuaternario","7":"desktop-align-left","8":"tablet-align-left","9":"mobile-align-left","11":"first","12":"instock","13":"taxable","14":"shipping-taxable","15":"purchasable","16":"product-type-simple"},"_links":{"self":[{"href":"https:\/\/dispensadorchile.cl\/index.php?rest_route=\/wp\/v2\/product\/7561","targetHints":{"allow":["GET"]}}],"collection":[{"href":"https:\/\/dispensadorchile.cl\/index.php?rest_route=\/wp\/v2\/product"}],"about":[{"href":"https:\/\/dispensadorchile.cl\/index.php?rest_route=\/wp\/v2\/types\/product"}],"replies":[{"embeddable":true,"href":"https:\/\/dispensadorchile.cl\/index.php?rest_route=%2Fwp%2Fv2%2Fcomments&post=7561"}],"wp:featuredmedia":[{"embeddable":true,"href":"https:\/\/dispensadorchile.cl\/index.php?rest_route=\/wp\/v2\/media\/7562"}],"wp:attachment":[{"href":"https:\/\/dispensadorchile.cl\/index.php?rest_route=%2Fwp%2Fv2%2Fmedia&parent=7561"}],"wp:term":[{"taxonomy":"product_brand","embeddable":true,"href":"https:\/\/dispensadorchile.cl\/index.php?rest_route=%2Fwp%2Fv2%2Fproduct_brand&post=7561"},{"taxonomy":"product_cat","embeddable":true,"href":"https:\/\/dispensadorchile.cl\/index.php?rest_route=%2Fwp%2Fv2%2Fproduct_cat&post=7561"},{"taxonomy":"product_tag","embeddable":true,"href":"https:\/\/dispensadorchile.cl\/index.php?rest_route=%2Fwp%2Fv2%2Fproduct_tag&post=7561"}],"curies":[{"name":"wp","href":"https:\/\/api.w.org\/{rel}","templated":true}]}}