{"id":6939,"date":"2021-06-14T20:05:18","date_gmt":"2021-06-14T23:05:18","guid":{"rendered":"https:\/\/dispensadorchile.cl\/?post_type=product&#038;p=6939"},"modified":"2026-01-13T12:00:03","modified_gmt":"2026-01-13T15:00:03","slug":"termometro-infrarrojo-con-dispensador-k9-pro","status":"publish","type":"product","link":"https:\/\/dispensadorchile.cl\/?product=termometro-infrarrojo-con-dispensador-k9-pro","title":{"rendered":"TERM\u00d3METRO INFRARROJO CON DISPENSADOR K9 PRO"},"content":{"rendered":"<p>TERMOMETRO INFRARROJO CON DISPENSADOR K9 PRO.<\/p>\n","protected":false},"excerpt":{"rendered":"<p>Esta versi\u00f3n Pro del term\u00f3metro dispensador K9, mejora la experiencia de sanitizaci\u00f3n de manos utilizando\u00a0<strong><u>alcohol Liquido al 70%<\/u><\/strong>.\u00a0Tambi\u00e9n incrementa su versatilidad de uso, ya que por una parte a\u00f1ade\u00a0la posibilidad de\u00a0funcionar\u00a0con 4 pilas AA, y por otra,\u00a0 es que se\u00a0puede usar sin fijaci\u00f3n sobre escritorios o mesas, siendo as\u00ed no estrictamente necesario montarlo sobre un tr\u00edpode o pared.<strong><br \/>\n<\/strong><\/p>\n<p><strong>Especificaciones:<\/strong><\/p>\n<p>&#8211; Insumo recargable: Alcohol Liquido al 70%<br \/>\n&#8211; Capacidad del estanque: 1000 ml<br \/>\n&#8211; Alimentaci\u00f3n: Corriente 220V mediante enchufe USB (inclu\u00eddo) o mediante 4 pilas AA (no inclu\u00eddas)<br \/>\n&#8211; Montaje: 3 opciones de fijaci\u00f3n: montaje en pared con tornillos (incluidos), montaje en pared con cinta adhesiva de doble contacto, o hilo est\u00e1ndar \u00bc\u201d para tr\u00edpodes. Su base recolectora tambi\u00e9n permite su funcionamiento sin fijaci\u00f3n situ\u00e1ndolo sobre una superficie plana.<br \/>\n&#8211; Dimensiones: 119 x 133 x 280mm<br \/>\n&#8211; Peso: 702 gr.<\/p>\n<p><strong>Caracter\u00edsticas:<\/strong><\/p>\n<p>&#8211; Incluye parlante incorporado, con narraci\u00f3n en 12 idiomas seleccionables (Espa\u00f1ol inclu\u00eddo)<br \/>\n&#8211; Tiempo de medici\u00f3n ultra r\u00e1pido (0.5s).<br \/>\n&#8211; Precisi\u00f3n de medici\u00f3n de alta temperatura, tolerancia de precisi\u00f3n: +\/- 0,2\u00b0C.<br \/>\n&#8211; Narraci\u00f3n y luz (color verde) para temperatura normal.<br \/>\n&#8211; Narraci\u00f3n y alarma de advertencia de luz (color rojo) para detecci\u00f3n de temperatura anormal.<br \/>\n&#8211; Pantalla digital de alta definici\u00f3n con una distancia de visualizaci\u00f3n de 5 m.<br \/>\n&#8211; Opci\u00f3n de unidad de medida en \u00b0C y \u00b0F.<br \/>\n&#8211; Temperatura de Operaci\u00f3n: 10\u00b0C \u2013 40\u00b0C<br \/>\n&#8211; Humedad: \u226485%RH (sin condensaci\u00f3n)<\/p>\n","protected":false},"featured_media":6940,"comment_status":"open","ping_status":"closed","template":"","meta":{"site-sidebar-layout":"default","site-content-layout":"default","ast-site-content-layout":"default","site-content-style":"default","site-sidebar-style":"default","ast-global-header-display":"","ast-banner-title-visibility":"","ast-main-header-display":"","ast-hfb-above-header-display":"","ast-hfb-below-header-display":"","ast-hfb-mobile-header-display":"","site-post-title":"","ast-breadcrumbs-content":"","ast-featured-img":"","footer-sml-layout":"","ast-disable-related-posts":"","theme-transparent-header-meta":"default","adv-header-id-meta":"","stick-header-meta":"","header-above-stick-meta":"","header-main-stick-meta":"","header-below-stick-meta":"","astra-migrate-meta-layouts":"default","ast-page-background-enabled":"default","ast-page-background-meta":{"desktop":{"background-color":"","background-image":"","background-repeat":"repeat","background-position":"center center","background-size":"auto","background-attachment":"scroll","background-type":"","background-media":"","overlay-type":"","overlay-color":"","overlay-opacity":"","overlay-gradient":""},"tablet":{"background-color":"","background-image":"","background-repeat":"repeat","background-position":"center center","background-size":"auto","background-attachment":"scroll","background-type":"","background-media":"","overlay-type":"","overlay-color":"","overlay-opacity":"","overlay-gradient":""},"mobile":{"background-color":"","background-image":"","background-repeat":"repeat","background-position":"center center","background-size":"auto","background-attachment":"scroll","background-type":"","background-media":"","overlay-type":"","overlay-color":"","overlay-opacity":"","overlay-gradient":""}},"ast-content-background-meta":{"desktop":{"background-color":"var(--ast-global-color-5)","background-image":"","background-repeat":"repeat","background-position":"center center","background-size":"auto","background-attachment":"scroll","background-type":"","background-media":"","overlay-type":"","overlay-color":"","overlay-opacity":"","overlay-gradient":""},"tablet":{"background-color":"var(--ast-global-color-5)","background-image":"","background-repeat":"repeat","background-position":"center center","background-size":"auto","background-attachment":"scroll","background-type":"","background-media":"","overlay-type":"","overlay-color":"","overlay-opacity":"","overlay-gradient":""},"mobile":{"background-color":"var(--ast-global-color-5)","background-image":"","background-repeat":"repeat","background-position":"center center","background-size":"auto","background-attachment":"scroll","background-type":"","background-media":"","overlay-type":"","overlay-color":"","overlay-opacity":"","overlay-gradient":""}}},"product_brand":[],"product_cat":[143],"product_tag":[],"class_list":{"0":"post-6939","1":"product","2":"type-product","3":"status-publish","4":"has-post-thumbnail","6":"product_cat-termometros","7":"desktop-align-left","8":"tablet-align-left","9":"mobile-align-left","11":"first","12":"instock","13":"sale","14":"taxable","15":"shipping-taxable","16":"purchasable","17":"product-type-simple"},"_links":{"self":[{"href":"https:\/\/dispensadorchile.cl\/index.php?rest_route=\/wp\/v2\/product\/6939","targetHints":{"allow":["GET"]}}],"collection":[{"href":"https:\/\/dispensadorchile.cl\/index.php?rest_route=\/wp\/v2\/product"}],"about":[{"href":"https:\/\/dispensadorchile.cl\/index.php?rest_route=\/wp\/v2\/types\/product"}],"replies":[{"embeddable":true,"href":"https:\/\/dispensadorchile.cl\/index.php?rest_route=%2Fwp%2Fv2%2Fcomments&post=6939"}],"wp:featuredmedia":[{"embeddable":true,"href":"https:\/\/dispensadorchile.cl\/index.php?rest_route=\/wp\/v2\/media\/6940"}],"wp:attachment":[{"href":"https:\/\/dispensadorchile.cl\/index.php?rest_route=%2Fwp%2Fv2%2Fmedia&parent=6939"}],"wp:term":[{"taxonomy":"product_brand","embeddable":true,"href":"https:\/\/dispensadorchile.cl\/index.php?rest_route=%2Fwp%2Fv2%2Fproduct_brand&post=6939"},{"taxonomy":"product_cat","embeddable":true,"href":"https:\/\/dispensadorchile.cl\/index.php?rest_route=%2Fwp%2Fv2%2Fproduct_cat&post=6939"},{"taxonomy":"product_tag","embeddable":true,"href":"https:\/\/dispensadorchile.cl\/index.php?rest_route=%2Fwp%2Fv2%2Fproduct_tag&post=6939"}],"curies":[{"name":"wp","href":"https:\/\/api.w.org\/{rel}","templated":true}]}}