{"id":6686,"date":"2021-04-21T19:54:31","date_gmt":"2021-04-21T22:54:31","guid":{"rendered":"https:\/\/dispensadorchile.cl\/?post_type=product&#038;p=6686"},"modified":"2026-01-13T12:00:22","modified_gmt":"2026-01-13T15:00:22","slug":"termometro-k3x-infrarrojo-sin-contacto","status":"publish","type":"product","link":"https:\/\/dispensadorchile.cl\/?product=termometro-k3x-infrarrojo-sin-contacto","title":{"rendered":"TERM\u00d3METRO K3X INFRARROJO SIN CONTACTO"},"content":{"rendered":"<p>Term\u00f3metro K3x Infrarrojo Sin Contacto<\/p>\n","protected":false},"excerpt":{"rendered":"<p>Term\u00f3metro K3x Infrarrojo Sin Contacto<\/p>\n<ul>\n<li>. La medida exacta: El producto adopta el principio \u00f3ptico, la precisi\u00f3n de la medici\u00f3n se controla a \u00b1 0,2 \u2103, de alta precisi\u00f3n proporciona datos fiables<\/li>\n<li>2.. Operaci\u00f3n simple: Este usos de productos infrarrojo tecnolog\u00eda de medici\u00f3n autom\u00e1tica, que es f\u00e1cil de usar<\/li>\n<li>3.. lectura f\u00e1cil uso: El producto adopta el modo de lectura de la pantalla digital y soportes de dise\u00f1o de luz de fondo. Se puede cambiar entre Fahrenheit y Celsius medici\u00f3n con un solo clic, lo cual es muy conveniente.<\/li>\n<li>4. La funci\u00f3n de memoria:. Este soportes de productos de almacenamiento de 50 conjuntos de datos de medici\u00f3n para facilitar el acceso a los datos<\/li>\n<li>5. Dos unidades: Los soportes de productos de la medici\u00f3n de la temperatura Fahrenheit y Celsius de temperatura, que puede satisfacer las necesidades de diferentes situaciones<\/li>\n<li>6.. Alta seguridad: El producto es compatible medici\u00f3n sin contacto y se puede utilizar con confianza<\/li>\n<\/ul>\n","protected":false},"featured_media":6687,"comment_status":"open","ping_status":"closed","template":"","meta":{"site-sidebar-layout":"default","site-content-layout":"default","ast-site-content-layout":"default","site-content-style":"default","site-sidebar-style":"default","ast-global-header-display":"","ast-banner-title-visibility":"","ast-main-header-display":"","ast-hfb-above-header-display":"","ast-hfb-below-header-display":"","ast-hfb-mobile-header-display":"","site-post-title":"","ast-breadcrumbs-content":"","ast-featured-img":"","footer-sml-layout":"","ast-disable-related-posts":"","theme-transparent-header-meta":"default","adv-header-id-meta":"","stick-header-meta":"","header-above-stick-meta":"","header-main-stick-meta":"","header-below-stick-meta":"","astra-migrate-meta-layouts":"default","ast-page-background-enabled":"default","ast-page-background-meta":{"desktop":{"background-color":"","background-image":"","background-repeat":"repeat","background-position":"center center","background-size":"auto","background-attachment":"scroll","background-type":"","background-media":"","overlay-type":"","overlay-color":"","overlay-opacity":"","overlay-gradient":""},"tablet":{"background-color":"","background-image":"","background-repeat":"repeat","background-position":"center center","background-size":"auto","background-attachment":"scroll","background-type":"","background-media":"","overlay-type":"","overlay-color":"","overlay-opacity":"","overlay-gradient":""},"mobile":{"background-color":"","background-image":"","background-repeat":"repeat","background-position":"center center","background-size":"auto","background-attachment":"scroll","background-type":"","background-media":"","overlay-type":"","overlay-color":"","overlay-opacity":"","overlay-gradient":""}},"ast-content-background-meta":{"desktop":{"background-color":"var(--ast-global-color-5)","background-image":"","background-repeat":"repeat","background-position":"center center","background-size":"auto","background-attachment":"scroll","background-type":"","background-media":"","overlay-type":"","overlay-color":"","overlay-opacity":"","overlay-gradient":""},"tablet":{"background-color":"var(--ast-global-color-5)","background-image":"","background-repeat":"repeat","background-position":"center center","background-size":"auto","background-attachment":"scroll","background-type":"","background-media":"","overlay-type":"","overlay-color":"","overlay-opacity":"","overlay-gradient":""},"mobile":{"background-color":"var(--ast-global-color-5)","background-image":"","background-repeat":"repeat","background-position":"center center","background-size":"auto","background-attachment":"scroll","background-type":"","background-media":"","overlay-type":"","overlay-color":"","overlay-opacity":"","overlay-gradient":""}}},"product_brand":[],"product_cat":[143],"product_tag":[],"class_list":{"0":"post-6686","1":"product","2":"type-product","3":"status-publish","4":"has-post-thumbnail","6":"product_cat-termometros","7":"desktop-align-left","8":"tablet-align-left","9":"mobile-align-left","11":"first","12":"instock","13":"sale","14":"taxable","15":"shipping-taxable","16":"purchasable","17":"product-type-simple"},"_links":{"self":[{"href":"https:\/\/dispensadorchile.cl\/index.php?rest_route=\/wp\/v2\/product\/6686","targetHints":{"allow":["GET"]}}],"collection":[{"href":"https:\/\/dispensadorchile.cl\/index.php?rest_route=\/wp\/v2\/product"}],"about":[{"href":"https:\/\/dispensadorchile.cl\/index.php?rest_route=\/wp\/v2\/types\/product"}],"replies":[{"embeddable":true,"href":"https:\/\/dispensadorchile.cl\/index.php?rest_route=%2Fwp%2Fv2%2Fcomments&post=6686"}],"wp:featuredmedia":[{"embeddable":true,"href":"https:\/\/dispensadorchile.cl\/index.php?rest_route=\/wp\/v2\/media\/6687"}],"wp:attachment":[{"href":"https:\/\/dispensadorchile.cl\/index.php?rest_route=%2Fwp%2Fv2%2Fmedia&parent=6686"}],"wp:term":[{"taxonomy":"product_brand","embeddable":true,"href":"https:\/\/dispensadorchile.cl\/index.php?rest_route=%2Fwp%2Fv2%2Fproduct_brand&post=6686"},{"taxonomy":"product_cat","embeddable":true,"href":"https:\/\/dispensadorchile.cl\/index.php?rest_route=%2Fwp%2Fv2%2Fproduct_cat&post=6686"},{"taxonomy":"product_tag","embeddable":true,"href":"https:\/\/dispensadorchile.cl\/index.php?rest_route=%2Fwp%2Fv2%2Fproduct_tag&post=6686"}],"curies":[{"name":"wp","href":"https:\/\/api.w.org\/{rel}","templated":true}]}}