{"id":6460,"date":"2021-04-03T23:20:55","date_gmt":"2021-04-04T02:20:55","guid":{"rendered":"https:\/\/dispensadorchile.cl\/?post_type=product&#038;p=6460"},"modified":"2026-01-13T12:23:13","modified_gmt":"2026-01-13T15:23:13","slug":"dispensador-automatico-700-ml-jabon","status":"publish","type":"product","link":"https:\/\/dispensadorchile.cl\/?product=dispensador-automatico-700-ml-jabon","title":{"rendered":"DISPENSADOR AUTOM\u00c1TICO 700ML"},"content":{"rendered":"<h3><strong>Dispensador Autom\u00e1tico 700 ml Alcohol Gel Jab\u00f3n<\/strong><\/h3>\n<p>&nbsp;<\/p>\n<p>De f\u00e1cil uso y aplicaci\u00f3n , sirve para usarlo tanto como alcohol gel como jab\u00f3n l\u00edquido,\u00a0 para ser utilizado con productos a granel de cualquier marca, tiene llave de seguridad la cual impide ser manipulado y sustra\u00eddo,\u00a0 es transparente el cual la cantidad por dispensador es visualizable, tiene por el costado plus el cual lo puede conectar a una fuente de energ\u00eda de 5V (cargador de celular) o lo puede conectar con 4 pilas AA.<\/p>\n<p>*valor neto<\/p>\n<p>&nbsp;<\/p>\n","protected":false},"excerpt":{"rendered":"<h3><strong>Dispensador Autom\u00e1tico 700 ml Alcohol Gel Jab\u00f3n<\/strong><\/h3>\n<p>Especificaciones:<\/p>\n<p>+ Dispensador de jab\u00f3n l\u00edquido y alcohol gel sin contacto<br \/>\n+ Llave de seguridad en la tapa<br \/>\n+ Material: ABS<br \/>\n+ Distancia de detecci\u00f3n: 8 a 12 cm<br \/>\n+ Capacidad del dispensador: 700 ml<br \/>\n+ Cantidad expulsada: 1 ml o 2 ml (regulable con 2 capacidades)<br \/>\n+ Funcionamiento: 4 pilas AA (no incluidas) o adaptador de 6V1A (no incluido)<br \/>\n+ Tama\u00f1o del producto: 165 * 110 * 100 mm<br \/>\n+ Peso total: 415 g<\/p>\n<p>\u00bfQu\u00e9 viene en la compra?<\/p>\n<p>+ Dispensador autom\u00e1tico de 700 ml<br \/>\n+ Llave de cierre para la tapa<br \/>\n+ Manual del usuario en ingl\u00e9s<br \/>\n+ 3 tornillos<br \/>\n+ 3 tarugos<\/p>\n<p>valores netos<\/p>\n","protected":false},"featured_media":6459,"comment_status":"open","ping_status":"closed","template":"","meta":{"site-sidebar-layout":"default","site-content-layout":"default","ast-site-content-layout":"default","site-content-style":"default","site-sidebar-style":"default","ast-global-header-display":"","ast-banner-title-visibility":"","ast-main-header-display":"","ast-hfb-above-header-display":"","ast-hfb-below-header-display":"","ast-hfb-mobile-header-display":"","site-post-title":"","ast-breadcrumbs-content":"","ast-featured-img":"","footer-sml-layout":"","ast-disable-related-posts":"","theme-transparent-header-meta":"default","adv-header-id-meta":"","stick-header-meta":"","header-above-stick-meta":"","header-main-stick-meta":"","header-below-stick-meta":"","astra-migrate-meta-layouts":"default","ast-page-background-enabled":"default","ast-page-background-meta":{"desktop":{"background-color":"","background-image":"","background-repeat":"repeat","background-position":"center center","background-size":"auto","background-attachment":"scroll","background-type":"","background-media":"","overlay-type":"","overlay-color":"","overlay-opacity":"","overlay-gradient":""},"tablet":{"background-color":"","background-image":"","background-repeat":"repeat","background-position":"center center","background-size":"auto","background-attachment":"scroll","background-type":"","background-media":"","overlay-type":"","overlay-color":"","overlay-opacity":"","overlay-gradient":""},"mobile":{"background-color":"","background-image":"","background-repeat":"repeat","background-position":"center center","background-size":"auto","background-attachment":"scroll","background-type":"","background-media":"","overlay-type":"","overlay-color":"","overlay-opacity":"","overlay-gradient":""}},"ast-content-background-meta":{"desktop":{"background-color":"var(--ast-global-color-5)","background-image":"","background-repeat":"repeat","background-position":"center center","background-size":"auto","background-attachment":"scroll","background-type":"","background-media":"","overlay-type":"","overlay-color":"","overlay-opacity":"","overlay-gradient":""},"tablet":{"background-color":"var(--ast-global-color-5)","background-image":"","background-repeat":"repeat","background-position":"center center","background-size":"auto","background-attachment":"scroll","background-type":"","background-media":"","overlay-type":"","overlay-color":"","overlay-opacity":"","overlay-gradient":""},"mobile":{"background-color":"var(--ast-global-color-5)","background-image":"","background-repeat":"repeat","background-position":"center center","background-size":"auto","background-attachment":"scroll","background-type":"","background-media":"","overlay-type":"","overlay-color":"","overlay-opacity":"","overlay-gradient":""}}},"product_brand":[],"product_cat":[175,139],"product_tag":[],"class_list":{"0":"post-6460","1":"product","2":"type-product","3":"status-publish","4":"has-post-thumbnail","6":"product_cat-dispensadores-de-alcohol-gel","7":"product_cat-dispensadores-de-jabon","8":"desktop-align-left","9":"tablet-align-left","10":"mobile-align-left","12":"first","13":"instock","14":"sale","15":"taxable","16":"shipping-taxable","17":"purchasable","18":"product-type-simple"},"_links":{"self":[{"href":"https:\/\/dispensadorchile.cl\/index.php?rest_route=\/wp\/v2\/product\/6460","targetHints":{"allow":["GET"]}}],"collection":[{"href":"https:\/\/dispensadorchile.cl\/index.php?rest_route=\/wp\/v2\/product"}],"about":[{"href":"https:\/\/dispensadorchile.cl\/index.php?rest_route=\/wp\/v2\/types\/product"}],"replies":[{"embeddable":true,"href":"https:\/\/dispensadorchile.cl\/index.php?rest_route=%2Fwp%2Fv2%2Fcomments&post=6460"}],"wp:featuredmedia":[{"embeddable":true,"href":"https:\/\/dispensadorchile.cl\/index.php?rest_route=\/wp\/v2\/media\/6459"}],"wp:attachment":[{"href":"https:\/\/dispensadorchile.cl\/index.php?rest_route=%2Fwp%2Fv2%2Fmedia&parent=6460"}],"wp:term":[{"taxonomy":"product_brand","embeddable":true,"href":"https:\/\/dispensadorchile.cl\/index.php?rest_route=%2Fwp%2Fv2%2Fproduct_brand&post=6460"},{"taxonomy":"product_cat","embeddable":true,"href":"https:\/\/dispensadorchile.cl\/index.php?rest_route=%2Fwp%2Fv2%2Fproduct_cat&post=6460"},{"taxonomy":"product_tag","embeddable":true,"href":"https:\/\/dispensadorchile.cl\/index.php?rest_route=%2Fwp%2Fv2%2Fproduct_tag&post=6460"}],"curies":[{"name":"wp","href":"https:\/\/api.w.org\/{rel}","templated":true}]}}