{"id":4697,"date":"2021-02-12T21:47:49","date_gmt":"2021-02-13T00:47:49","guid":{"rendered":"https:\/\/dispensadorchile.cl\/product\/import-placeholder-for-4145\/"},"modified":"2026-01-13T12:02:38","modified_gmt":"2026-01-13T15:02:38","slug":"termometro-infrarrojo-sin-contacto-mural-k3-plus","status":"publish","type":"product","link":"https:\/\/dispensadorchile.cl\/?product=termometro-infrarrojo-sin-contacto-mural-k3-plus","title":{"rendered":"TERM\u00d3METRO INFRARROJO SIN CONTACTO K3 PLUS"},"content":{"rendered":"<p>Term\u00f3metro infrarrojo sin contacto mural K3 Plus<\/p>\n","protected":false},"excerpt":{"rendered":"<p><strong>Term\u00f3metro infrarrojo sin contacto mural K3 Plus<\/strong><\/p>\n<ul>\n<li>termometro k3 plus<\/li>\n<li>Sin Contacto, no hay necesidad de mano puede medirse en frente, cuello o mu\u00f1eca.<\/li>\n<li>Precisi\u00f3n de la medici\u00f3n de alta temperatura, la tolerancia Precisi\u00f3n: \/ 0.2 (34 ~ 45 grados C)<\/li>\n<li>Con la advertencia de detecci\u00f3n de fallo de la luz y la luz de advertencia de temperatura anormal.<\/li>\n<li>Se puede conectar a la fuente de alimentaci\u00f3n del USB, banco de la energ\u00eda, la bater\u00eda de litio 18650 (no incluido).<\/li>\n<li>Pantalla de alta definici\u00f3n con 5m distancia de visualizaci\u00f3n.<\/li>\n<li>Intelligent term\u00f3metro de frente de infrarrojos.<\/li>\n<li>Puede ser aplicado en diferentes ocasiones. Oficina \/ metro \/ Inicio \/ Supermercado \/ Tienda \/ Comunidad \/ Entrada etc.<\/li>\n<li>La temperatura corporal por encima de 38 grados se alarma.<\/li>\n<li>Incluye adaptador y bater\u00eda recargable.<\/li>\n<\/ul>\n","protected":false},"featured_media":4729,"comment_status":"open","ping_status":"closed","template":"","meta":{"site-sidebar-layout":"default","site-content-layout":"default","ast-site-content-layout":"default","site-content-style":"default","site-sidebar-style":"default","ast-global-header-display":"","ast-banner-title-visibility":"","ast-main-header-display":"","ast-hfb-above-header-display":"","ast-hfb-below-header-display":"","ast-hfb-mobile-header-display":"","site-post-title":"","ast-breadcrumbs-content":"","ast-featured-img":"","footer-sml-layout":"","ast-disable-related-posts":"","theme-transparent-header-meta":"default","adv-header-id-meta":"","stick-header-meta":"","header-above-stick-meta":"","header-main-stick-meta":"","header-below-stick-meta":"","astra-migrate-meta-layouts":"default","ast-page-background-enabled":"default","ast-page-background-meta":{"desktop":{"background-color":"","background-image":"","background-repeat":"repeat","background-position":"center center","background-size":"auto","background-attachment":"scroll","background-type":"","background-media":"","overlay-type":"","overlay-color":"","overlay-opacity":"","overlay-gradient":""},"tablet":{"background-color":"","background-image":"","background-repeat":"repeat","background-position":"center center","background-size":"auto","background-attachment":"scroll","background-type":"","background-media":"","overlay-type":"","overlay-color":"","overlay-opacity":"","overlay-gradient":""},"mobile":{"background-color":"","background-image":"","background-repeat":"repeat","background-position":"center center","background-size":"auto","background-attachment":"scroll","background-type":"","background-media":"","overlay-type":"","overlay-color":"","overlay-opacity":"","overlay-gradient":""}},"ast-content-background-meta":{"desktop":{"background-color":"var(--ast-global-color-5)","background-image":"","background-repeat":"repeat","background-position":"center center","background-size":"auto","background-attachment":"scroll","background-type":"","background-media":"","overlay-type":"","overlay-color":"","overlay-opacity":"","overlay-gradient":""},"tablet":{"background-color":"var(--ast-global-color-5)","background-image":"","background-repeat":"repeat","background-position":"center center","background-size":"auto","background-attachment":"scroll","background-type":"","background-media":"","overlay-type":"","overlay-color":"","overlay-opacity":"","overlay-gradient":""},"mobile":{"background-color":"var(--ast-global-color-5)","background-image":"","background-repeat":"repeat","background-position":"center center","background-size":"auto","background-attachment":"scroll","background-type":"","background-media":"","overlay-type":"","overlay-color":"","overlay-opacity":"","overlay-gradient":""}}},"product_brand":[],"product_cat":[143],"product_tag":[],"class_list":{"0":"post-4697","1":"product","2":"type-product","3":"status-publish","4":"has-post-thumbnail","6":"product_cat-termometros","7":"desktop-align-left","8":"tablet-align-left","9":"mobile-align-left","11":"first","12":"instock","13":"sale","14":"taxable","15":"shipping-taxable","16":"purchasable","17":"product-type-simple"},"_links":{"self":[{"href":"https:\/\/dispensadorchile.cl\/index.php?rest_route=\/wp\/v2\/product\/4697","targetHints":{"allow":["GET"]}}],"collection":[{"href":"https:\/\/dispensadorchile.cl\/index.php?rest_route=\/wp\/v2\/product"}],"about":[{"href":"https:\/\/dispensadorchile.cl\/index.php?rest_route=\/wp\/v2\/types\/product"}],"replies":[{"embeddable":true,"href":"https:\/\/dispensadorchile.cl\/index.php?rest_route=%2Fwp%2Fv2%2Fcomments&post=4697"}],"wp:featuredmedia":[{"embeddable":true,"href":"https:\/\/dispensadorchile.cl\/index.php?rest_route=\/wp\/v2\/media\/4729"}],"wp:attachment":[{"href":"https:\/\/dispensadorchile.cl\/index.php?rest_route=%2Fwp%2Fv2%2Fmedia&parent=4697"}],"wp:term":[{"taxonomy":"product_brand","embeddable":true,"href":"https:\/\/dispensadorchile.cl\/index.php?rest_route=%2Fwp%2Fv2%2Fproduct_brand&post=4697"},{"taxonomy":"product_cat","embeddable":true,"href":"https:\/\/dispensadorchile.cl\/index.php?rest_route=%2Fwp%2Fv2%2Fproduct_cat&post=4697"},{"taxonomy":"product_tag","embeddable":true,"href":"https:\/\/dispensadorchile.cl\/index.php?rest_route=%2Fwp%2Fv2%2Fproduct_tag&post=4697"}],"curies":[{"name":"wp","href":"https:\/\/api.w.org\/{rel}","templated":true}]}}