{"id":3741,"date":"2020-11-12T16:26:24","date_gmt":"2020-11-12T19:26:24","guid":{"rendered":"https:\/\/dispensadorchile.cl\/?post_type=product&#038;p=3741"},"modified":"2026-01-13T12:02:50","modified_gmt":"2026-01-13T15:02:50","slug":"termometro-dispensador-inteligente-k9","status":"publish","type":"product","link":"https:\/\/dispensadorchile.cl\/?product=termometro-dispensador-inteligente-k9","title":{"rendered":"TERM\u00d3METRO DIGITAL CON DISPENSADOR K9"},"content":{"rendered":"<h4><strong>Term\u00f3metro digital con dispensador inteligente k9<\/strong><\/h4>\n<p>&nbsp;<\/p>\n<p class=\"detail-desc-decorate-title\">Es una extraordinaria maquina\u00a0 dos en uno, toma la temperatura y dispensa alcohol &#8211; gel a la vez.<\/p>\n<div>Cuando la temperatura supera el valor normal, El term\u00f3metro digital sin contacto mostrar\u00e1 una luz roja y emitir\u00e1 un sonido que le permitir\u00e1 saber si tiene fiebre<\/div>\n","protected":false},"excerpt":{"rendered":"<h3><strong>Term\u00f3metro digital con dispensador inteligente k9<\/strong><\/h3>\n<h4>Caracter\u00edsticas:<\/h4>\n<div>Modelo de producto: K9<\/div>\n<div>Peso neto \u00fanico: 702g<\/div>\n<div>Peso bruto por unidad: 919g<\/div>\n<div>Tama\u00f1o del producto: 119mm * 133mm * 280mm<\/div>\n<div>Tama\u00f1o de la caja de Color: 170x155x320mm<\/div>\n<div>Embalaje: 6 uds 6kg 485*360*335mm<\/div>\n<div>Material del producto: material de ABS + PC<\/div>\n<div>Potencia m\u00e1xima: 3W<\/div>\n<div>Modo de fuente de alimentaci\u00f3n: DC5V 1A<\/div>\n<div>Funci\u00f3n: detecta la temperatura corporal e induce al desinfectante de manos a desinfectar<\/div>\n<div>Pantalla de temperatura: pantalla digital<\/div>\n<div>M\u00e9todo de medici\u00f3n: inducci\u00f3n infrarroja<\/div>\n<div><span data-spm-anchor-id=\"a2g0o.detail.1000023.i0.48a658b7qx8lLS\">Distancia de medici\u00f3n: 5-10cm<\/span><\/div>\n<div>Rango de medici\u00f3n: temperatura corporal 34 \u2103 ~ 42 \u2103<\/div>\n<div>Error permitido: \u00b1 0,2 \u2103<\/div>\n<div>Tiempo de medici\u00f3n: 2 segundos<\/div>\n<div>Capacidad de la botella de l\u00edquido: 1000ml (visualizaci\u00f3n de la escala de volumen)<\/div>\n<div>Tipo de l\u00edquido: desinfectante de manos sin lavar, <a href=\"https:\/\/dispensadorchile.cl\/product\/alcohol-gel-al-70-5-litros\/\">desinfectante Alcohol Gel<\/a><\/div>\n<div>Modo de Salida de l\u00edquido: inducci\u00f3n infrarroja<\/div>\n<div>Ambiente de Trabajo: 10 \u2103 ~ 40 \u2103, humedad &lt;85%<\/div>\n<div><\/div>\n<div>Nota:<\/div>\n<div><\/div>\n<p>Fuerte adaptabilidad a la temperatura ambiente.<\/p>\n<p>Bid\u00f3n interior de 1000 ml el cual puede ser rellenado.<\/p>\n<p>Cada kit incluye cable de energ\u00eda USB tipo C y fijaci\u00f3n a muralla mediantes tornillos<\/p>\n<p>*Debido a la pantalla diferente y a la luz diferente, la imagen puede no reflejar el color real del art\u00edculo. Gracias por su comprensi\u00f3n.<\/p>\n","protected":false},"featured_media":6392,"comment_status":"open","ping_status":"closed","template":"","meta":{"site-sidebar-layout":"default","site-content-layout":"default","ast-site-content-layout":"default","site-content-style":"default","site-sidebar-style":"default","ast-global-header-display":"","ast-banner-title-visibility":"","ast-main-header-display":"","ast-hfb-above-header-display":"","ast-hfb-below-header-display":"","ast-hfb-mobile-header-display":"","site-post-title":"","ast-breadcrumbs-content":"","ast-featured-img":"","footer-sml-layout":"","ast-disable-related-posts":"","theme-transparent-header-meta":"default","adv-header-id-meta":"","stick-header-meta":"","header-above-stick-meta":"","header-main-stick-meta":"","header-below-stick-meta":"","astra-migrate-meta-layouts":"default","ast-page-background-enabled":"default","ast-page-background-meta":{"desktop":{"background-color":"","background-image":"","background-repeat":"repeat","background-position":"center center","background-size":"auto","background-attachment":"scroll","background-type":"","background-media":"","overlay-type":"","overlay-color":"","overlay-opacity":"","overlay-gradient":""},"tablet":{"background-color":"","background-image":"","background-repeat":"repeat","background-position":"center center","background-size":"auto","background-attachment":"scroll","background-type":"","background-media":"","overlay-type":"","overlay-color":"","overlay-opacity":"","overlay-gradient":""},"mobile":{"background-color":"","background-image":"","background-repeat":"repeat","background-position":"center center","background-size":"auto","background-attachment":"scroll","background-type":"","background-media":"","overlay-type":"","overlay-color":"","overlay-opacity":"","overlay-gradient":""}},"ast-content-background-meta":{"desktop":{"background-color":"var(--ast-global-color-5)","background-image":"","background-repeat":"repeat","background-position":"center center","background-size":"auto","background-attachment":"scroll","background-type":"","background-media":"","overlay-type":"","overlay-color":"","overlay-opacity":"","overlay-gradient":""},"tablet":{"background-color":"var(--ast-global-color-5)","background-image":"","background-repeat":"repeat","background-position":"center center","background-size":"auto","background-attachment":"scroll","background-type":"","background-media":"","overlay-type":"","overlay-color":"","overlay-opacity":"","overlay-gradient":""},"mobile":{"background-color":"var(--ast-global-color-5)","background-image":"","background-repeat":"repeat","background-position":"center center","background-size":"auto","background-attachment":"scroll","background-type":"","background-media":"","overlay-type":"","overlay-color":"","overlay-opacity":"","overlay-gradient":""}}},"product_brand":[],"product_cat":[143],"product_tag":[],"class_list":{"0":"post-3741","1":"product","2":"type-product","3":"status-publish","4":"has-post-thumbnail","6":"product_cat-termometros","7":"desktop-align-left","8":"tablet-align-left","9":"mobile-align-left","11":"first","12":"instock","13":"sale","14":"taxable","15":"shipping-taxable","16":"purchasable","17":"product-type-simple"},"_links":{"self":[{"href":"https:\/\/dispensadorchile.cl\/index.php?rest_route=\/wp\/v2\/product\/3741","targetHints":{"allow":["GET"]}}],"collection":[{"href":"https:\/\/dispensadorchile.cl\/index.php?rest_route=\/wp\/v2\/product"}],"about":[{"href":"https:\/\/dispensadorchile.cl\/index.php?rest_route=\/wp\/v2\/types\/product"}],"replies":[{"embeddable":true,"href":"https:\/\/dispensadorchile.cl\/index.php?rest_route=%2Fwp%2Fv2%2Fcomments&post=3741"}],"wp:featuredmedia":[{"embeddable":true,"href":"https:\/\/dispensadorchile.cl\/index.php?rest_route=\/wp\/v2\/media\/6392"}],"wp:attachment":[{"href":"https:\/\/dispensadorchile.cl\/index.php?rest_route=%2Fwp%2Fv2%2Fmedia&parent=3741"}],"wp:term":[{"taxonomy":"product_brand","embeddable":true,"href":"https:\/\/dispensadorchile.cl\/index.php?rest_route=%2Fwp%2Fv2%2Fproduct_brand&post=3741"},{"taxonomy":"product_cat","embeddable":true,"href":"https:\/\/dispensadorchile.cl\/index.php?rest_route=%2Fwp%2Fv2%2Fproduct_cat&post=3741"},{"taxonomy":"product_tag","embeddable":true,"href":"https:\/\/dispensadorchile.cl\/index.php?rest_route=%2Fwp%2Fv2%2Fproduct_tag&post=3741"}],"curies":[{"name":"wp","href":"https:\/\/api.w.org\/{rel}","templated":true}]}}